{"id":449,"date":"2020-10-30T19:05:23","date_gmt":"2020-10-30T19:05:23","guid":{"rendered":"http:\/\/oknolux.com\/?page_id=449"},"modified":"2020-10-30T20:44:50","modified_gmt":"2020-10-30T20:44:50","slug":"zaluzje","status":"publish","type":"page","link":"https:\/\/oknolux.com\/?page_id=449","title":{"rendered":"\u017caluzje"},"content":{"rendered":"\t\t<div data-elementor-type=\"wp-page\" data-elementor-id=\"449\" class=\"elementor elementor-449\">\n\t\t\t\t\t\t<div class=\"elementor-inner\">\n\t\t\t\t<div class=\"elementor-section-wrap\">\n\t\t\t\t\t\t\t\t\t<section class=\"elementor-section elementor-top-section elementor-element elementor-element-210f992 elementor-section-boxed elementor-section-height-default elementor-section-height-default\" data-id=\"210f992\" data-element_type=\"section\" data-settings=\"{&quot;background_background&quot;:&quot;classic&quot;}\">\n\t\t\t\t\t\t\t<div class=\"elementor-background-overlay\"><\/div>\n\t\t\t\t\t\t\t<div class=\"elementor-container elementor-column-gap-default\">\n\t\t\t\t\t\t\t<div class=\"elementor-row\">\n\t\t\t\t\t<div class=\"elementor-column elementor-col-100 elementor-top-column elementor-element elementor-element-4686c994\" data-id=\"4686c994\" data-element_type=\"column\">\n\t\t\t<div class=\"elementor-column-wrap elementor-element-populated\">\n\t\t\t\t\t\t\t<div class=\"elementor-widget-wrap\">\n\t\t\t\t\t\t<div class=\"elementor-element elementor-element-310c5b74 elementor-widget elementor-widget-heading\" data-id=\"310c5b74\" data-element_type=\"widget\" data-widget_type=\"heading.default\">\n\t\t\t\t<div class=\"elementor-widget-container\">\n\t\t\t<h1 class=\"elementor-heading-title elementor-size-default\">\u017baluzje<\/h1>\t\t<\/div>\n\t\t\t\t<\/div>\n\t\t\t\t\t\t<\/div>\n\t\t\t\t\t<\/div>\n\t\t<\/div>\n\t\t\t\t\t\t\t\t<\/div>\n\t\t\t\t\t<\/div>\n\t\t<\/section>\n\t\t\t\t<section class=\"elementor-section elementor-top-section elementor-element elementor-element-3e40447d elementor-reverse-mobile elementor-section-boxed elementor-section-height-default elementor-section-height-default\" data-id=\"3e40447d\" data-element_type=\"section\">\n\t\t\t\t\t\t<div class=\"elementor-container elementor-column-gap-no\">\n\t\t\t\t\t\t\t<div class=\"elementor-row\">\n\t\t\t\t\t<div class=\"elementor-column elementor-col-50 elementor-top-column elementor-element elementor-element-36e8aac\" data-id=\"36e8aac\" data-element_type=\"column\">\n\t\t\t<div class=\"elementor-column-wrap elementor-element-populated\">\n\t\t\t\t\t\t\t<div class=\"elementor-widget-wrap\">\n\t\t\t\t\t\t<div class=\"elementor-element elementor-element-6aed24bb elementor-widget elementor-widget-heading\" data-id=\"6aed24bb\" data-element_type=\"widget\" data-widget_type=\"heading.default\">\n\t\t\t\t<div class=\"elementor-widget-container\">\n\t\t\t<h2 class=\"elementor-heading-title elementor-size-default\">Nawierzchniowe \u017caluzje aluminiowe<\/h2>\t\t<\/div>\n\t\t\t\t<\/div>\n\t\t\t\t<div class=\"elementor-element elementor-element-740cf15b elementor-widget elementor-widget-text-editor\" data-id=\"740cf15b\" data-element_type=\"widget\" data-widget_type=\"text-editor.default\">\n\t\t\t\t<div class=\"elementor-widget-container\">\n\t\t\t\t\t\t\t\t<div class=\"elementor-text-editor elementor-clearfix\">\n\t\t\t\t<p>System \u017caluzji aluminiowych o lamelach szeroko\u015bci 25 mm b\u0105d\u017a 16 mm do monta\u017cu z u\u017cyciem wkr\u0119t\u00f3w lub bezinwazyjnie. Montowany w \u015bwietle szyby, na skrzydle okiennym, \u015bcianie, suficie b\u0105d\u017a we wn\u0119ce okiennej. Rynna g\u00f3rna \u017caluzji montowana jest za pomoc\u0105 wieszak\u00f3w twist przytwierdzonych do pod\u0142o\u017ca za pomoc\u0105 wkr\u0119t\u00f3w lub ko\u0142k\u00f3w monta\u017cowych. \u017baluzja obs\u0142ugiwana jest za pomoc\u0105 mechanizmu samoblokuj\u0105cego sterowanego sznurkiem do podnoszenia \u017caluzji oraz pokr\u0119t\u0142em tworzywowym do regulacji zaciemnienia.\u00a0<\/p>\t\t\t\t\t<\/div>\n\t\t\t\t\t\t<\/div>\n\t\t\t\t<\/div>\n\t\t\t\t\t\t<\/div>\n\t\t\t\t\t<\/div>\n\t\t<\/div>\n\t\t\t\t<div class=\"elementor-column elementor-col-50 elementor-top-column elementor-element elementor-element-1df80542\" data-id=\"1df80542\" data-element_type=\"column\">\n\t\t\t<div class=\"elementor-column-wrap elementor-element-populated\">\n\t\t\t\t\t\t\t<div class=\"elementor-widget-wrap\">\n\t\t\t\t\t\t<div class=\"elementor-element elementor-element-749bbfb8 elementor-widget elementor-widget-image\" data-id=\"749bbfb8\" data-element_type=\"widget\" data-widget_type=\"image.default\">\n\t\t\t\t<div class=\"elementor-widget-container\">\n\t\t\t\t\t\t\t\t<div class=\"elementor-image\">\n\t\t\t\t\t\t\t\t\t\t\t\t<img loading=\"lazy\" decoding=\"async\" width=\"741\" height=\"1024\" src=\"https:\/\/oknolux.com\/wp-content\/uploads\/2020\/10\/nawierzchniowe-741x1024.png\" class=\"attachment-large size-large wp-image-455\" alt=\"\" srcset=\"https:\/\/oknolux.com\/wp-content\/uploads\/2020\/10\/nawierzchniowe-741x1024.png 741w, https:\/\/oknolux.com\/wp-content\/uploads\/2020\/10\/nawierzchniowe-217x300.png 217w, https:\/\/oknolux.com\/wp-content\/uploads\/2020\/10\/nawierzchniowe-768x1062.png 768w, https:\/\/oknolux.com\/wp-content\/uploads\/2020\/10\/nawierzchniowe.png 1088w\" sizes=\"auto, (max-width: 741px) 100vw, 741px\" \/>\t\t\t\t\t\t\t\t\t\t\t\t\t\t<\/div>\n\t\t\t\t\t\t<\/div>\n\t\t\t\t<\/div>\n\t\t\t\t\t\t<\/div>\n\t\t\t\t\t<\/div>\n\t\t<\/div>\n\t\t\t\t\t\t\t\t<\/div>\n\t\t\t\t\t<\/div>\n\t\t<\/section>\n\t\t\t\t<section class=\"elementor-section elementor-top-section elementor-element elementor-element-48345a1 elementor-reverse-mobile elementor-section-boxed elementor-section-height-default elementor-section-height-default\" data-id=\"48345a1\" data-element_type=\"section\">\n\t\t\t\t\t\t<div class=\"elementor-container elementor-column-gap-no\">\n\t\t\t\t\t\t\t<div class=\"elementor-row\">\n\t\t\t\t\t<div class=\"elementor-column elementor-col-50 elementor-top-column elementor-element elementor-element-96f3421\" data-id=\"96f3421\" data-element_type=\"column\">\n\t\t\t<div class=\"elementor-column-wrap elementor-element-populated\">\n\t\t\t\t\t\t\t<div class=\"elementor-widget-wrap\">\n\t\t\t\t\t\t<div class=\"elementor-element elementor-element-3d677da elementor-widget elementor-widget-heading\" data-id=\"3d677da\" data-element_type=\"widget\" data-widget_type=\"heading.default\">\n\t\t\t\t<div class=\"elementor-widget-container\">\n\t\t\t<h2 class=\"elementor-heading-title elementor-size-default\">\u017baluzje drewniane 25mm<\/h2>\t\t<\/div>\n\t\t\t\t<\/div>\n\t\t\t\t<div class=\"elementor-element elementor-element-b124e13 elementor-widget elementor-widget-text-editor\" data-id=\"b124e13\" data-element_type=\"widget\" data-widget_type=\"text-editor.default\">\n\t\t\t\t<div class=\"elementor-widget-container\">\n\t\t\t\t\t\t\t\t<div class=\"elementor-text-editor elementor-clearfix\">\n\t\t\t\t<p>System \u017caluzji drewnianych o lamelach szeroko\u015bci 25mm. Montowany w \u015bwietle szyby, na skrzydle okiennym, \u015bcianie, suficie b\u0105d\u017a we wn\u0119ce okiennej. Rynna g\u00f3rna \u017caluzji montowana za pomoc\u0105 wieszak\u00f3w twist przytwierdzonych do pod\u0142o\u017ca za pomoc\u0105 wkr\u0119t\u00f3w lub ko\u0142k\u00f3w. \u017baluzja obs\u0142ugiwana jest za pomoc\u0105 mechanizmu samoblokuj\u0105cego sterowanego sznurkiem do podnoszenia \u017caluzji oraz pokr\u0119t\u0142o drewniane do regulacji zaciemnienia.<\/p>\t\t\t\t\t<\/div>\n\t\t\t\t\t\t<\/div>\n\t\t\t\t<\/div>\n\t\t\t\t\t\t<\/div>\n\t\t\t\t\t<\/div>\n\t\t<\/div>\n\t\t\t\t<div class=\"elementor-column elementor-col-50 elementor-top-column elementor-element elementor-element-5665f96\" data-id=\"5665f96\" data-element_type=\"column\">\n\t\t\t<div class=\"elementor-column-wrap elementor-element-populated\">\n\t\t\t\t\t\t\t<div class=\"elementor-widget-wrap\">\n\t\t\t\t\t\t<div class=\"elementor-element elementor-element-7b59262 elementor-widget elementor-widget-image\" data-id=\"7b59262\" data-element_type=\"widget\" data-widget_type=\"image.default\">\n\t\t\t\t<div class=\"elementor-widget-container\">\n\t\t\t\t\t\t\t\t<div class=\"elementor-image\">\n\t\t\t\t\t\t\t\t\t\t\t\t<img loading=\"lazy\" decoding=\"async\" width=\"741\" height=\"1024\" src=\"https:\/\/oknolux.com\/wp-content\/uploads\/2020\/10\/drewniane-741x1024.png\" class=\"attachment-large size-large wp-image-460\" alt=\"\" srcset=\"https:\/\/oknolux.com\/wp-content\/uploads\/2020\/10\/drewniane-741x1024.png 741w, https:\/\/oknolux.com\/wp-content\/uploads\/2020\/10\/drewniane-217x300.png 217w, https:\/\/oknolux.com\/wp-content\/uploads\/2020\/10\/drewniane-768x1062.png 768w, https:\/\/oknolux.com\/wp-content\/uploads\/2020\/10\/drewniane.png 1088w\" sizes=\"auto, (max-width: 741px) 100vw, 741px\" \/>\t\t\t\t\t\t\t\t\t\t\t\t\t\t<\/div>\n\t\t\t\t\t\t<\/div>\n\t\t\t\t<\/div>\n\t\t\t\t\t\t<\/div>\n\t\t\t\t\t<\/div>\n\t\t<\/div>\n\t\t\t\t\t\t\t\t<\/div>\n\t\t\t\t\t<\/div>\n\t\t<\/section>\n\t\t\t\t<section class=\"elementor-section elementor-top-section elementor-element elementor-element-f447ca5 elementor-reverse-mobile elementor-section-boxed elementor-section-height-default elementor-section-height-default\" data-id=\"f447ca5\" data-element_type=\"section\">\n\t\t\t\t\t\t<div class=\"elementor-container elementor-column-gap-no\">\n\t\t\t\t\t\t\t<div class=\"elementor-row\">\n\t\t\t\t\t<div class=\"elementor-column elementor-col-50 elementor-top-column elementor-element elementor-element-f0f0f15\" data-id=\"f0f0f15\" data-element_type=\"column\">\n\t\t\t<div class=\"elementor-column-wrap elementor-element-populated\">\n\t\t\t\t\t\t\t<div class=\"elementor-widget-wrap\">\n\t\t\t\t\t\t<div class=\"elementor-element elementor-element-0c6bec3 elementor-widget elementor-widget-heading\" data-id=\"0c6bec3\" data-element_type=\"widget\" data-widget_type=\"heading.default\">\n\t\t\t\t<div class=\"elementor-widget-container\">\n\t\t\t<h2 class=\"elementor-heading-title elementor-size-default\">System Hit<\/h2>\t\t<\/div>\n\t\t\t\t<\/div>\n\t\t\t\t<div class=\"elementor-element elementor-element-a4155fe elementor-widget elementor-widget-text-editor\" data-id=\"a4155fe\" data-element_type=\"widget\" data-widget_type=\"text-editor.default\">\n\t\t\t\t<div class=\"elementor-widget-container\">\n\t\t\t\t\t\t\t\t<div class=\"elementor-text-editor elementor-clearfix\">\n\t\t\t\t<p>System \u017caluzji aluminiowych o lamelach szeroko\u015bci 25mm b\u0105d\u017a 16mm i w\u0105skim profilu licuj\u0105cym si\u0119 z ram\u0105 okienn\u0105 oraz \u0142a\u0144cuszkowym mechanizmem regulacji zwini\u0119cia i zaciemnienia. Rynna g\u00f3rna umieszczona jest w \u015bwietle szyby i montowana jest na boczkach tworzywowych do listew za pomoc\u0105 wkr\u0119t\u00f3w. \u017baluzja obs\u0142ugiwana jest za pomoc\u0105 mechanizmu sterowania \u0142a\u0144cuszkiem kulkowym s\u0142u\u017c\u0105cy zar\u00f3wno do podnoszenia \u017caluzji jak i regulacji zaciemnienia.\u00a0<\/p>\t\t\t\t\t<\/div>\n\t\t\t\t\t\t<\/div>\n\t\t\t\t<\/div>\n\t\t\t\t\t\t<\/div>\n\t\t\t\t\t<\/div>\n\t\t<\/div>\n\t\t\t\t<div class=\"elementor-column elementor-col-50 elementor-top-column elementor-element elementor-element-7cc7821\" data-id=\"7cc7821\" data-element_type=\"column\">\n\t\t\t<div class=\"elementor-column-wrap elementor-element-populated\">\n\t\t\t\t\t\t\t<div class=\"elementor-widget-wrap\">\n\t\t\t\t\t\t<div class=\"elementor-element elementor-element-df96930 elementor-widget elementor-widget-image\" data-id=\"df96930\" data-element_type=\"widget\" data-widget_type=\"image.default\">\n\t\t\t\t<div class=\"elementor-widget-container\">\n\t\t\t\t\t\t\t\t<div class=\"elementor-image\">\n\t\t\t\t\t\t\t\t\t\t\t\t<img loading=\"lazy\" decoding=\"async\" width=\"741\" height=\"1024\" src=\"https:\/\/oknolux.com\/wp-content\/uploads\/2020\/10\/systemhit-741x1024.png\" class=\"attachment-large size-large wp-image-461\" alt=\"\" srcset=\"https:\/\/oknolux.com\/wp-content\/uploads\/2020\/10\/systemhit-741x1024.png 741w, https:\/\/oknolux.com\/wp-content\/uploads\/2020\/10\/systemhit-217x300.png 217w, https:\/\/oknolux.com\/wp-content\/uploads\/2020\/10\/systemhit-768x1062.png 768w, https:\/\/oknolux.com\/wp-content\/uploads\/2020\/10\/systemhit.png 1088w\" sizes=\"auto, (max-width: 741px) 100vw, 741px\" \/>\t\t\t\t\t\t\t\t\t\t\t\t\t\t<\/div>\n\t\t\t\t\t\t<\/div>\n\t\t\t\t<\/div>\n\t\t\t\t\t\t<\/div>\n\t\t\t\t\t<\/div>\n\t\t<\/div>\n\t\t\t\t\t\t\t\t<\/div>\n\t\t\t\t\t<\/div>\n\t\t<\/section>\n\t\t\t\t<section class=\"elementor-section elementor-top-section elementor-element elementor-element-0b41ee2 elementor-reverse-mobile elementor-section-boxed elementor-section-height-default elementor-section-height-default\" data-id=\"0b41ee2\" data-element_type=\"section\">\n\t\t\t\t\t\t<div class=\"elementor-container elementor-column-gap-no\">\n\t\t\t\t\t\t\t<div class=\"elementor-row\">\n\t\t\t\t\t<div class=\"elementor-column elementor-col-50 elementor-top-column elementor-element elementor-element-0f1425e\" data-id=\"0f1425e\" data-element_type=\"column\">\n\t\t\t<div class=\"elementor-column-wrap elementor-element-populated\">\n\t\t\t\t\t\t\t<div class=\"elementor-widget-wrap\">\n\t\t\t\t\t\t<div class=\"elementor-element elementor-element-5c79e81 elementor-widget elementor-widget-heading\" data-id=\"5c79e81\" data-element_type=\"widget\" data-widget_type=\"heading.default\">\n\t\t\t\t<div class=\"elementor-widget-container\">\n\t\t\t<h2 class=\"elementor-heading-title elementor-size-default\">\u017baluzje pionowe<\/h2>\t\t<\/div>\n\t\t\t\t<\/div>\n\t\t\t\t<div class=\"elementor-element elementor-element-22a6dc7 elementor-widget elementor-widget-text-editor\" data-id=\"22a6dc7\" data-element_type=\"widget\" data-widget_type=\"text-editor.default\">\n\t\t\t\t<div class=\"elementor-widget-container\">\n\t\t\t\t\t\t\t\t<div class=\"elementor-text-editor elementor-clearfix\">\n\t\t\t\t<p>System \u017caluzji o pionowych pasach tkaniny dost\u0119pnych w szeroko\u015bciach 127 mm i 89 mm. W zale\u017cno\u015bci od wariantu wykonania, zsuwanie lamel mo\u017cliwe jest na jedn\u0105 b\u0105d\u017a dwie strony jednocze\u015bnie. Standardowo montowany do sufitu jednak opcjonalnie istnieje mo\u017cliwo\u015b\u0107 monta\u017cu do \u015bciany. Szyna \u017caluzji wpinana jest do klip\u00f3w monta\u017cowych przytwierdzonych za pomoc\u0105 ko\u0142k\u00f3w lub opcjonalnie do \u015bciany za pomoc\u0105 klip\u00f3w i k\u0105townik\u00f3w.<\/p>\t\t\t\t\t<\/div>\n\t\t\t\t\t\t<\/div>\n\t\t\t\t<\/div>\n\t\t\t\t\t\t<\/div>\n\t\t\t\t\t<\/div>\n\t\t<\/div>\n\t\t\t\t<div class=\"elementor-column elementor-col-50 elementor-top-column elementor-element elementor-element-c316a6b\" data-id=\"c316a6b\" data-element_type=\"column\">\n\t\t\t<div class=\"elementor-column-wrap elementor-element-populated\">\n\t\t\t\t\t\t\t<div class=\"elementor-widget-wrap\">\n\t\t\t\t\t\t<div class=\"elementor-element elementor-element-c0665b9 elementor-widget elementor-widget-image\" data-id=\"c0665b9\" data-element_type=\"widget\" data-widget_type=\"image.default\">\n\t\t\t\t<div class=\"elementor-widget-container\">\n\t\t\t\t\t\t\t\t<div class=\"elementor-image\">\n\t\t\t\t\t\t\t\t\t\t\t\t<img loading=\"lazy\" decoding=\"async\" width=\"741\" height=\"1024\" src=\"https:\/\/oknolux.com\/wp-content\/uploads\/2020\/10\/pionowe-741x1024.png\" class=\"attachment-large size-large wp-image-462\" alt=\"\" srcset=\"https:\/\/oknolux.com\/wp-content\/uploads\/2020\/10\/pionowe-741x1024.png 741w, https:\/\/oknolux.com\/wp-content\/uploads\/2020\/10\/pionowe-217x300.png 217w, https:\/\/oknolux.com\/wp-content\/uploads\/2020\/10\/pionowe-768x1062.png 768w, https:\/\/oknolux.com\/wp-content\/uploads\/2020\/10\/pionowe.png 1088w\" sizes=\"auto, (max-width: 741px) 100vw, 741px\" \/>\t\t\t\t\t\t\t\t\t\t\t\t\t\t<\/div>\n\t\t\t\t\t\t<\/div>\n\t\t\t\t<\/div>\n\t\t\t\t\t\t<\/div>\n\t\t\t\t\t<\/div>\n\t\t<\/div>\n\t\t\t\t\t\t\t\t<\/div>\n\t\t\t\t\t<\/div>\n\t\t<\/section>\n\t\t\t\t<section class=\"elementor-section elementor-top-section elementor-element elementor-element-c4f7080 elementor-reverse-mobile elementor-section-boxed elementor-section-height-default elementor-section-height-default\" data-id=\"c4f7080\" data-element_type=\"section\">\n\t\t\t\t\t\t<div class=\"elementor-container elementor-column-gap-no\">\n\t\t\t\t\t\t\t<div class=\"elementor-row\">\n\t\t\t\t\t<div class=\"elementor-column elementor-col-50 elementor-top-column elementor-element elementor-element-aec8a28\" data-id=\"aec8a28\" data-element_type=\"column\">\n\t\t\t<div class=\"elementor-column-wrap elementor-element-populated\">\n\t\t\t\t\t\t\t<div class=\"elementor-widget-wrap\">\n\t\t\t\t\t\t<div class=\"elementor-element elementor-element-e990670 elementor-widget elementor-widget-heading\" data-id=\"e990670\" data-element_type=\"widget\" data-widget_type=\"heading.default\">\n\t\t\t\t<div class=\"elementor-widget-container\">\n\t\t\t<h2 class=\"elementor-heading-title elementor-size-default\">\u017baluzje panelowe<\/h2>\t\t<\/div>\n\t\t\t\t<\/div>\n\t\t\t\t<div class=\"elementor-element elementor-element-6f2f8b3 elementor-widget elementor-widget-text-editor\" data-id=\"6f2f8b3\" data-element_type=\"widget\" data-widget_type=\"text-editor.default\">\n\t\t\t\t<div class=\"elementor-widget-container\">\n\t\t\t\t\t\t\t\t<div class=\"elementor-text-editor elementor-clearfix\">\n\t\t\t\t<p>System \u017caluzji o pionowych pasach tkanin. W zale\u017cno\u015bci od wariantu wykonania zsuwanie lamel mo\u017cliwe jest na jedn\u0105 b\u0105d\u017a dwie strony jednocze\u015bnie. panele systemu wykonane s\u0105 z tkanin roletowych. Montowany do sufitu (standardowo) lub \u015bciany (opcjonalnie) . Szyna \u017caluzji wpinana jest do klip\u00f3w monta\u017cowych przytwierdzanych za pomoc\u0105 ko\u0142k\u00f3w lub w przypadku monta\u017cu na \u015bcian\u0119 za pomoc\u0105 klip\u00f3w i k\u0105townik\u00f3w. Zsuwanie lamel wykonywane jest za pomoc\u0105 mechanizmu sterowanego sznurkiem, r\u0119cznie (ka\u017cdy panel niezale\u017cnie), b\u0105d\u017a za pomoc\u0105 nap\u0119du elektrycznego.<\/p>\t\t\t\t\t<\/div>\n\t\t\t\t\t\t<\/div>\n\t\t\t\t<\/div>\n\t\t\t\t\t\t<\/div>\n\t\t\t\t\t<\/div>\n\t\t<\/div>\n\t\t\t\t<div class=\"elementor-column elementor-col-50 elementor-top-column elementor-element elementor-element-c259c01\" data-id=\"c259c01\" data-element_type=\"column\">\n\t\t\t<div class=\"elementor-column-wrap elementor-element-populated\">\n\t\t\t\t\t\t\t<div class=\"elementor-widget-wrap\">\n\t\t\t\t\t\t<div class=\"elementor-element elementor-element-23c593f elementor-widget elementor-widget-image\" data-id=\"23c593f\" data-element_type=\"widget\" data-widget_type=\"image.default\">\n\t\t\t\t<div class=\"elementor-widget-container\">\n\t\t\t\t\t\t\t\t<div class=\"elementor-image\">\n\t\t\t\t\t\t\t\t\t\t\t\t<img loading=\"lazy\" decoding=\"async\" width=\"741\" height=\"1024\" src=\"https:\/\/oknolux.com\/wp-content\/uploads\/2020\/10\/rolety__-741x1024.png\" class=\"attachment-large size-large wp-image-467\" alt=\"\" srcset=\"https:\/\/oknolux.com\/wp-content\/uploads\/2020\/10\/rolety__-741x1024.png 741w, https:\/\/oknolux.com\/wp-content\/uploads\/2020\/10\/rolety__-217x300.png 217w, https:\/\/oknolux.com\/wp-content\/uploads\/2020\/10\/rolety__-768x1062.png 768w, https:\/\/oknolux.com\/wp-content\/uploads\/2020\/10\/rolety__.png 1088w\" sizes=\"auto, (max-width: 741px) 100vw, 741px\" \/>\t\t\t\t\t\t\t\t\t\t\t\t\t\t<\/div>\n\t\t\t\t\t\t<\/div>\n\t\t\t\t<\/div>\n\t\t\t\t\t\t<\/div>\n\t\t\t\t\t<\/div>\n\t\t<\/div>\n\t\t\t\t\t\t\t\t<\/div>\n\t\t\t\t\t<\/div>\n\t\t<\/section>\n\t\t\t\t\t\t\t\t\t<\/div>\n\t\t\t<\/div>\n\t\t\t\t\t<\/div>\n\t\t","protected":false},"excerpt":{"rendered":"<p>\u017baluzje Nawierzchniowe \u017caluzje aluminiowe System \u017caluzji aluminiowych o lamelach szeroko\u015bci 25 mm b\u0105d\u017a 16 mm do monta\u017cu z u\u017cyciem wkr\u0119t\u00f3w lub bezinwazyjnie. Montowany w \u015bwietle szyby, na skrzydle okiennym, \u015bcianie, suficie b\u0105d\u017a we wn\u0119ce okiennej. Rynna g\u00f3rna \u017caluzji montowana jest za pomoc\u0105 wieszak\u00f3w twist przytwierdzonych do pod\u0142o\u017ca za pomoc\u0105 wkr\u0119t\u00f3w lub ko\u0142k\u00f3w monta\u017cowych. \u017baluzja obs\u0142ugiwana &hellip;<\/p>\n<p class=\"read-more\"> <a class=\"\" href=\"https:\/\/oknolux.com\/?page_id=449\"> <span class=\"screen-reader-text\">\u017caluzje<\/span> Read More &raquo;<\/a><\/p>\n","protected":false},"author":1,"featured_media":0,"parent":0,"menu_order":0,"comment_status":"closed","ping_status":"closed","template":"","meta":{"site-sidebar-layout":"no-sidebar","site-content-layout":"page-builder","ast-global-header-display":"","ast-main-header-display":"","ast-hfb-above-header-display":"","ast-hfb-below-header-display":"","ast-hfb-mobile-header-display":"","site-post-title":"disabled","ast-breadcrumbs-content":"","ast-featured-img":"","footer-sml-layout":"","theme-transparent-header-meta":"enabled","adv-header-id-meta":"","stick-header-meta":"","header-above-stick-meta":"","header-main-stick-meta":"","header-below-stick-meta":"","footnotes":""},"class_list":["post-449","page","type-page","status-publish","hentry"],"_links":{"self":[{"href":"https:\/\/oknolux.com\/index.php?rest_route=\/wp\/v2\/pages\/449","targetHints":{"allow":["GET"]}}],"collection":[{"href":"https:\/\/oknolux.com\/index.php?rest_route=\/wp\/v2\/pages"}],"about":[{"href":"https:\/\/oknolux.com\/index.php?rest_route=\/wp\/v2\/types\/page"}],"author":[{"embeddable":true,"href":"https:\/\/oknolux.com\/index.php?rest_route=\/wp\/v2\/users\/1"}],"replies":[{"embeddable":true,"href":"https:\/\/oknolux.com\/index.php?rest_route=%2Fwp%2Fv2%2Fcomments&post=449"}],"version-history":[{"count":6,"href":"https:\/\/oknolux.com\/index.php?rest_route=\/wp\/v2\/pages\/449\/revisions"}],"predecessor-version":[{"id":469,"href":"https:\/\/oknolux.com\/index.php?rest_route=\/wp\/v2\/pages\/449\/revisions\/469"}],"wp:attachment":[{"href":"https:\/\/oknolux.com\/index.php?rest_route=%2Fwp%2Fv2%2Fmedia&parent=449"}],"curies":[{"name":"wp","href":"https:\/\/api.w.org\/{rel}","templated":true}]}}